{"id":1081,"date":"2017-05-08T22:58:18","date_gmt":"2017-05-09T01:58:18","guid":{"rendered":"http:\/\/aparecidaliberato.terra.com.br\/?page_id=1081\/"},"modified":"2017-05-08T23:39:27","modified_gmt":"2017-05-09T02:39:27","slug":"sobre-aparecida-liberato","status":"publish","type":"page","link":"https:\/\/aparecidaliberato.com.br\/es\/sobre-aparecida-liberato\/","title":{"rendered":"Aparecida Liberato"},"content":{"rendered":"<p style=\"text-align: center;\">Soy Aparecida Liberato y nac\u00ed en S\u00e3o Paulo, Brasil. Me gradu\u00e9 en la licenciatura de Fonoaudiolog\u00eda en la Pontif\u00edcia Universidad Cat\u00f3lica de S\u00e3o Paulo y ejerc\u00ed mi profesi\u00f3n como investigadora, profesora y terapeuta en la rehabilitaci\u00f3n de problemas de lenguaje. Paralelamente me dedicaba al estudio e investigaci\u00f3n de la Numerolog\u00eda.<\/p>\n<p style=\"text-align: center;\">Desde hace 20 a\u00f1os me vengo dedicando profesionalmente a la Numerolog\u00eda, orientando la vida y carrera de personas, tanto en Brasil y M\u00e9xico, como en muchos otros pa\u00edses.<\/p>\n<p style=\"text-align: center;\">Constantemente mis servicios como numer\u00f3loga son solicitados por artistas, pol\u00edticos, empresarios y medios de comunicaci\u00f3n que han descubierto en la ciencia de la Numerolog\u00eda un instrumento para lograr vivir mejor. Tambi\u00e9n dicto de conferencias, talleres y realizo Estudios numerol\u00f3gicos personales y empresariales, y colaboro con peri\u00f3dicos, revistas, sitios de internet, emisoras de tv y radio, con art\u00edculos sobre el tema.<\/p>\n<p style=\"text-align: center;\">A la fecha tengo editados 7 libros en portugu\u00e9s, algunos de ellos best sellers en Brasil, y 6 en espa\u00f1ol, que son: \u201cVivir mejor a trav\u00e9s de la Numerolog\u00eda\u201d, con Beto Junqueyra e Irene Bryg, \u201cLos n\u00fameros secretos del amor\u201d, \u201cDescubre el poder de tu nombre\u201d y \u201cDime como te llamas y te dir\u00e9 quien eres\u201d, \u201cNumerolog\u00eda para tu beb\u00e9\u201d. Todos son de la editorial Random House. \u201cLa Numerolog\u00eda, el amor y las relaciones\u201d, de la Editorial Planeta. El Noviembre, 2008 particip\u00e9, como conferencista en el evento Expo-ser, en WTC Ciudad de M\u00e9xico. El tema fue: \u201cTu nombre tiene poder \u2013 La Numerolog\u00eda puede transformar tu vida\u201d<br \/>\nMi sitio de Numerolog\u00eda www.aparecidaliberato.com es un espacio para que la gente investigue y conozca m\u00e1s sobre este fascinante tema.<\/p>\n<p style=\"text-align: center;\">Soy miembro de la Association Internacionale de Numerologues (AIN) ubicada en Inglaterra.<\/p>\n<p>&nbsp;<\/p>\n<h2>Aparecida Liberato<\/h2>\n<p>\u201cEn mi formaci\u00f3n como Fonoaudi\u00f3loga, especializada en el \u00e1rea de la salud, ya buscaba comprender la naturaleza de las personas, su esp\u00edritu y mente. Esto vino a sumarse a las respuestas que encontr\u00e9 en la Numerolog\u00eda, ya que tengo como Lecci\u00f3n de Vida el n\u00famero 7 y por tanto, s\u00e9 que puedo y debo aplicar mis conocimientos para auxiliar a otras personas a conocerse y comprenderse mejor.<\/p>\n<p>Durante todos estos a\u00f1os haciendo interpretaci\u00f3n numerol\u00f3gica, las personas hicieron comentarios como:<br \/>\n\u201cYo soy exactamente as\u00ed.\u201d o \u201c\u00bfc\u00f3mo usted supo todo esto?\u201d o \u201cAhora todo da sentido en mi vida\u201d<\/p>\n<p>Yo aplico la Numerolog\u00eda para ayudar a los dem\u00e1s a descubrir sus fortalezas y debilidades, a encontrar su sentido \u00fanico en la vida, guiar a aquellos que se sienten perdidos o sin un objetivo.<br \/>\nCon la Numerolog\u00eda es posible saber cu\u00e1l es la mejor manera de escribir el nombre o la firma para acercarse de la energ\u00eda positiva que equilibra la vida.<\/p>\n<p>Hoy, muchos a\u00f1os despu\u00e9s de haberme iniciado en la Numerolog\u00eda me siento realizada al escuchar a las personas cuando me hablan de sus n\u00fameros personales con familiaridad: \u201cYo soy n\u00famero tal en la fecha de nacimiento\u201d, o \u201cMi nombre suma tanto\u201d, o todav\u00eda \u201cEstoy en un a\u00f1o de energ\u00eda tal\u201d.<\/p>\n<p>La ciencia de la Numerolog\u00eda crece en todo el mundo. Acab\u00f3 el mito de que era necesario entender de matem\u00e1ticas para hacer un an\u00e1lisis y cada vez m\u00e1s las personas usan la energ\u00eda de los n\u00fameros en su d\u00eda a d\u00eda.<\/p>\n<p>A trav\u00e9s de la Numerolog\u00eda todos podemos tener una mayor comprensi\u00f3n de la vida y darle as\u00ed enorme dimensi\u00f3n.<\/p>\n","protected":false},"excerpt":{"rendered":"<p>Soy Aparecida Liberato y nac\u00ed en S\u00e3o Paulo, Brasil. Me gradu\u00e9 en la licenciatura de Fonoaudiolog\u00eda en la Pontif\u00edcia Universidad Cat\u00f3lica de S\u00e3o Paulo y ejerc\u00ed mi profesi\u00f3n como investigadora, profesora y terapeuta en la rehabilitaci\u00f3n de problemas de lenguaje. Paralelamente me dedicaba al estudio e investigaci\u00f3n de la Numerolog\u00eda. Desde hace 20 a\u00f1os me vengo dedicando profesionalmente a la&#8230;<\/p>\n","protected":false},"author":1,"featured_media":0,"parent":0,"menu_order":0,"comment_status":"closed","ping_status":"closed","template":"page-sobre.php","meta":{"_acf_changed":false,"_monsterinsights_skip_tracking":false,"_monsterinsights_sitenote_active":false,"_monsterinsights_sitenote_note":"","_monsterinsights_sitenote_category":0,"footnotes":""},"class_list":["post-1081","page","type-page","status-publish","hentry"],"acf":[],"yoast_head":"<!-- This site is optimized with the Yoast SEO plugin v26.6 - https:\/\/yoast.com\/wordpress\/plugins\/seo\/ -->\n<title>Aparecida Liberato - Aparecida Liberato<\/title>\n<meta name=\"robots\" content=\"index, follow, max-snippet:-1, max-image-preview:large, max-video-preview:-1\" \/>\n<link rel=\"canonical\" href=\"https:\/\/aparecidaliberato.com.br\/es\/sobre-aparecida-liberato\/\" \/>\n<meta property=\"og:locale\" content=\"es_ES\" \/>\n<meta property=\"og:type\" content=\"article\" \/>\n<meta property=\"og:title\" content=\"Aparecida Liberato - Aparecida Liberato\" \/>\n<meta property=\"og:description\" content=\"Soy Aparecida Liberato y nac\u00ed en S\u00e3o Paulo, Brasil. Me gradu\u00e9 en la licenciatura de Fonoaudiolog\u00eda en la Pontif\u00edcia Universidad Cat\u00f3lica de S\u00e3o Paulo y ejerc\u00ed mi profesi\u00f3n como investigadora, profesora y terapeuta en la rehabilitaci\u00f3n de problemas de lenguaje. Paralelamente me dedicaba al estudio e investigaci\u00f3n de la Numerolog\u00eda. Desde hace 20 a\u00f1os me vengo dedicando profesionalmente a la...\" \/>\n<meta property=\"og:url\" content=\"https:\/\/aparecidaliberato.com.br\/es\/sobre-aparecida-liberato\/\" \/>\n<meta property=\"og:site_name\" content=\"Aparecida Liberato\" \/>\n<meta property=\"article:modified_time\" content=\"2017-05-09T02:39:27+00:00\" \/>\n<meta name=\"twitter:card\" content=\"summary_large_image\" \/>\n<meta name=\"twitter:label1\" content=\"Est. reading time\" \/>\n\t<meta name=\"twitter:data1\" content=\"3 minutes\" \/>\n<script type=\"application\/ld+json\" class=\"yoast-schema-graph\">{\"@context\":\"https:\/\/schema.org\",\"@graph\":[{\"@type\":\"WebPage\",\"@id\":\"https:\/\/aparecidaliberato.com.br\/es\/sobre-aparecida-liberato\/\",\"url\":\"https:\/\/aparecidaliberato.com.br\/es\/sobre-aparecida-liberato\/\",\"name\":\"Aparecida Liberato - Aparecida Liberato\",\"isPartOf\":{\"@id\":\"https:\/\/aparecidaliberato.com.br\/#website\"},\"datePublished\":\"2017-05-09T01:58:18+00:00\",\"dateModified\":\"2017-05-09T02:39:27+00:00\",\"breadcrumb\":{\"@id\":\"https:\/\/aparecidaliberato.com.br\/es\/sobre-aparecida-liberato\/#breadcrumb\"},\"inLanguage\":\"es-ES\",\"potentialAction\":[{\"@type\":\"ReadAction\",\"target\":[\"https:\/\/aparecidaliberato.com.br\/es\/sobre-aparecida-liberato\/\"]}]},{\"@type\":\"BreadcrumbList\",\"@id\":\"https:\/\/aparecidaliberato.com.br\/es\/sobre-aparecida-liberato\/#breadcrumb\",\"itemListElement\":[{\"@type\":\"ListItem\",\"position\":1,\"name\":\"In\u00edcio\",\"item\":\"https:\/\/aparecidaliberato.com.br\/\"},{\"@type\":\"ListItem\",\"position\":2,\"name\":\"Aparecida Liberato\"}]},{\"@type\":\"WebSite\",\"@id\":\"https:\/\/aparecidaliberato.com.br\/#website\",\"url\":\"https:\/\/aparecidaliberato.com.br\/\",\"name\":\"Aparecida Liberato\",\"description\":\"Numerologia, Energia dos N\u00fameros, Estudos Numerol\u00f3gicos, Autoconhecimento\",\"potentialAction\":[{\"@type\":\"SearchAction\",\"target\":{\"@type\":\"EntryPoint\",\"urlTemplate\":\"https:\/\/aparecidaliberato.com.br\/?s={search_term_string}\"},\"query-input\":{\"@type\":\"PropertyValueSpecification\",\"valueRequired\":true,\"valueName\":\"search_term_string\"}}],\"inLanguage\":\"es-ES\"}]}<\/script>\n<!-- \/ Yoast SEO plugin. -->","yoast_head_json":{"title":"Aparecida Liberato - Aparecida Liberato","robots":{"index":"index","follow":"follow","max-snippet":"max-snippet:-1","max-image-preview":"max-image-preview:large","max-video-preview":"max-video-preview:-1"},"canonical":"https:\/\/aparecidaliberato.com.br\/es\/sobre-aparecida-liberato\/","og_locale":"es_ES","og_type":"article","og_title":"Aparecida Liberato - Aparecida Liberato","og_description":"Soy Aparecida Liberato y nac\u00ed en S\u00e3o Paulo, Brasil. Me gradu\u00e9 en la licenciatura de Fonoaudiolog\u00eda en la Pontif\u00edcia Universidad Cat\u00f3lica de S\u00e3o Paulo y ejerc\u00ed mi profesi\u00f3n como investigadora, profesora y terapeuta en la rehabilitaci\u00f3n de problemas de lenguaje. Paralelamente me dedicaba al estudio e investigaci\u00f3n de la Numerolog\u00eda. Desde hace 20 a\u00f1os me vengo dedicando profesionalmente a la...","og_url":"https:\/\/aparecidaliberato.com.br\/es\/sobre-aparecida-liberato\/","og_site_name":"Aparecida Liberato","article_modified_time":"2017-05-09T02:39:27+00:00","twitter_card":"summary_large_image","twitter_misc":{"Est. reading time":"3 minutes"},"schema":{"@context":"https:\/\/schema.org","@graph":[{"@type":"WebPage","@id":"https:\/\/aparecidaliberato.com.br\/es\/sobre-aparecida-liberato\/","url":"https:\/\/aparecidaliberato.com.br\/es\/sobre-aparecida-liberato\/","name":"Aparecida Liberato - Aparecida Liberato","isPartOf":{"@id":"https:\/\/aparecidaliberato.com.br\/#website"},"datePublished":"2017-05-09T01:58:18+00:00","dateModified":"2017-05-09T02:39:27+00:00","breadcrumb":{"@id":"https:\/\/aparecidaliberato.com.br\/es\/sobre-aparecida-liberato\/#breadcrumb"},"inLanguage":"es-ES","potentialAction":[{"@type":"ReadAction","target":["https:\/\/aparecidaliberato.com.br\/es\/sobre-aparecida-liberato\/"]}]},{"@type":"BreadcrumbList","@id":"https:\/\/aparecidaliberato.com.br\/es\/sobre-aparecida-liberato\/#breadcrumb","itemListElement":[{"@type":"ListItem","position":1,"name":"In\u00edcio","item":"https:\/\/aparecidaliberato.com.br\/"},{"@type":"ListItem","position":2,"name":"Aparecida Liberato"}]},{"@type":"WebSite","@id":"https:\/\/aparecidaliberato.com.br\/#website","url":"https:\/\/aparecidaliberato.com.br\/","name":"Aparecida Liberato","description":"Numerologia, Energia dos N\u00fameros, Estudos Numerol\u00f3gicos, Autoconhecimento","potentialAction":[{"@type":"SearchAction","target":{"@type":"EntryPoint","urlTemplate":"https:\/\/aparecidaliberato.com.br\/?s={search_term_string}"},"query-input":{"@type":"PropertyValueSpecification","valueRequired":true,"valueName":"search_term_string"}}],"inLanguage":"es-ES"}]}},"_links":{"self":[{"href":"https:\/\/aparecidaliberato.com.br\/es\/wp-json\/wp\/v2\/pages\/1081","targetHints":{"allow":["GET"]}}],"collection":[{"href":"https:\/\/aparecidaliberato.com.br\/es\/wp-json\/wp\/v2\/pages"}],"about":[{"href":"https:\/\/aparecidaliberato.com.br\/es\/wp-json\/wp\/v2\/types\/page"}],"author":[{"embeddable":true,"href":"https:\/\/aparecidaliberato.com.br\/es\/wp-json\/wp\/v2\/users\/1"}],"replies":[{"embeddable":true,"href":"https:\/\/aparecidaliberato.com.br\/es\/wp-json\/wp\/v2\/comments?post=1081"}],"version-history":[{"count":4,"href":"https:\/\/aparecidaliberato.com.br\/es\/wp-json\/wp\/v2\/pages\/1081\/revisions"}],"predecessor-version":[{"id":1085,"href":"https:\/\/aparecidaliberato.com.br\/es\/wp-json\/wp\/v2\/pages\/1081\/revisions\/1085"}],"wp:attachment":[{"href":"https:\/\/aparecidaliberato.com.br\/es\/wp-json\/wp\/v2\/media?parent=1081"}],"curies":[{"name":"wp","href":"https:\/\/api.w.org\/{rel}","templated":true}]}}